{"id":2015,"date":"2016-10-21T08:04:51","date_gmt":"2016-10-21T13:04:51","guid":{"rendered":"http:\/\/centralparkdentistry.com\/site\/?page_id=2015"},"modified":"2016-10-21T08:04:51","modified_gmt":"2016-10-21T13:04:51","slug":"language-assistance","status":"publish","type":"page","link":"https:\/\/centralparkdentistry.com\/site\/locations\/language-assistance\/","title":{"rendered":"Language Assistance"},"content":{"rendered":"<p><strong>CENTRAL PARK \u00a0DENTISTRY<\/strong><\/p>\n<p><strong>We will take reasonable steps to provide free-of-charge language assistance services to people who speak\u202flanguages we are likely to hear in our practice and who don\u2019t speak English well enough to talk to us about the dental care we are providing<\/strong>.<\/p>\n<p><strong>Spanish:<\/strong> Tomaremos acciones razonables para proporcionar servicios de asistencia ling\u00fc\u00edstica gratuitos a aquellas personas cuyo lenguaje escuchemos frecuentemente en nuestro consultorio y que no hablen un ingl\u00e9s lo suficientemente bueno como para hablar con nosotros sobre el servicio odontol\u00f3gico que suministramos.<\/p>\n<p><strong>Chinese:<\/strong> \u6211\u4eec\u5c06\u6709\u5e8f\u5730\u505a\u5230\u63d0\u4f9b\u514d\u8d39\u7684\u8bed\u8a00\u670d\u52a1\u4f7f\u6211\u4eec\u80fd\u542c\u61c2\u82f1\u8bed\u4e0d\u597d\u7684\u4eba\u5411\u6211\u4eec\u54a8\u8be2\u6709\u5173\u7259\u9f7f\u62a4\u7406<\/p>\n<p><strong>Vietnamese<\/strong>: Ch\u00fang t\u00f4i s\u1ebd th\u1ef1c hi\u1ec7n c\u00e1c b\u01b0\u1edbc c\u1ea7n thi\u1ebft \u0111\u1ec3 cung c\u1ea5p d\u1ecbch v\u1ee5 h\u1ed7 tr\u1ee3 ng\u00f4n ng\u1eef mi\u1ec5n ph\u00ed cho nh\u1eefng ng\u01b0\u1eddi giao ti\u1ebfp b\u1eb1ng nh\u1eefng ng\u00f4n ng\u1eef m\u00e0 ch\u00fang t\u00f4i c\u00f3 th\u1ec3 nghe th\u1ea5y t\u1ea1i ph\u00f2ng kh\u00e1m c\u1ee7a m\u00ecnh v\u00e0 cho nh\u1eefng ng\u01b0\u1eddi kh\u00f4ng c\u00f3 \u0111\u1ee7 tr\u00ecnh \u0111\u1ed9 ti\u1ebfng Anh \u0111\u1ec3 th\u1ea3o lu\u1eadn v\u1ec1 d\u1ecbch v\u1ee5 ch\u0103m s\u00f3c nha khoa m\u00e0 ch\u00fang t\u00f4i \u0111ang cung c\u1ea5p.<\/p>\n<p><strong>Serbo-Croatian<\/strong>: \u041f\u0440\u0435\u0434\u0443\u0437\u0435\u045b\u0435\u043c\u043e \u0440\u0430\u0437\u0443\u043c\u043d\u0435 \u043a\u043e\u0440\u0430\u043a\u0435 \u0434\u0430 \u043e\u0431\u0435\u0437\u0431\u0435\u0434\u0438\u043c\u043e \u0431\u0435\u0441\u043f\u043b\u0430\u0442\u043d\u0443 \u043f\u0440\u0435\u0432\u043e\u0434\u0438\u043b\u0430\u0447\u043a\u0443 \u043f\u043e\u043c\u043e\u045b \u0437\u0430 \u043e\u0441\u043e\u0431\u0435 \u043a\u043e\u0458\u0435 \u0433\u043e\u0432\u043e\u0440\u0435 \u0458\u0435\u0437\u0438\u043a\u0435 \u0441\u0430 \u043a\u043e\u0458\u0438\u043c\u0430 \u0441\u0435 \u0442\u043e\u043a\u043e\u043c \u0440\u0430\u0434\u0430 \u0447\u0435\u0448\u045b\u0435 \u0441\u0443\u0441\u0440\u0435\u045b\u0435\u043c\u043e, \u0430 \u043a\u043e\u0458\u0438 \u043d\u0435 \u0433\u043e\u0432\u043e\u0440\u0435 \u0435\u043d\u0433\u043b\u0435\u0441\u043a\u0438 \u0434\u043e\u0432\u043e\u0459\u043d\u043e \u0434\u043e\u0431\u0440\u043e \u0434\u0430 \u0431\u0438 \u043c\u043e\u0433\u043b\u0438 \u0434\u0430 \u0440\u0430\u0437\u0433\u043e\u0432\u0430\u0440\u0430\u0458\u0443 \u0441\u0430 \u043d\u0430\u043c\u0430 \u043e \u0441\u0442\u043e\u043c\u0430\u0442\u043e\u043b\u043e\u0448\u043a\u043e\u0458 \u0443\u0441\u043b\u0443\u0437\u0438 \u043a\u043e\u0458\u0443 \u043f\u0440\u0443\u0436\u0430\u043c\u043e.<\/p>\n<p><strong>German<\/strong>: Wir werden angemessene Schritte unternehmen, um denen eine geb\u00fchrenfreie Sprachunterst\u00fctzung zu bieten, die Sprachen sprechen, die wir m\u00f6glicherweise in unserer Praxis h\u00f6ren, die aber kein Englisch sprechen, das gut genug ist, um mit uns \u00fcber die Zahnpflege zu sprechen, die wir anbieten.<\/p>\n<p><strong>Arabic:<\/strong> \u0633\u0648\u0641 \u0646\u0642\u0648\u0645 \u0628\u0627\u062a\u062e\u0627\u0630 \u062e\u0637\u0648\u0627\u062a \u0645\u0639\u0642\u0648\u0644\u0629 \u0645\u0646 \u0623\u062c\u0644 \u062a\u0648\u0641\u06cc\u0631 \u062e\u062f\u0645\u0627\u062a \u0627\u0644\u0645\u0633\u0627\u0639\u062f\u0629 \u0627\u0644\u0644\u063a\u0648\u06cc\u0629 \u0628\u062f\u0648\u0646 \u062a\u0643\u0644\u0641\u0629 \u0644\u0644\u0623\u0634\u062e\u0627\u0635 \u0627\u0644\u0630\u06cc\u0646 \u06cc\u062a\u062d\u062f\u062b\u0648\u0646 \u0644\u063a\u0627\u062a \u0623\u062e\u0631\u0649 \u0645\u0646 \u0627\u0644\u0645\u0631\u062c\u062d \u0623\u0646 \u0646\u0633\u062a\u0645\u0639 \u0625\u0644\u06cc\u06be\u0627 \u062e\u0644\u0627\u0644 \u0645\u0645\u0627\u0631\u0633\u062a\u0646\u0627 \u0648\u0627\u0644\u0630\u06cc\u0646 \u0644\u0627 \u06cc\u062a\u0642\u0646\u0648\u0646 \u062a\u062d\u062f\u062b \u0627\u0644\u0625\u0646\u062c\u0644\u06cc\u0632\u06cc\u0629 \u0628\u0634\u0643\u0644 \u062c\u06cc\u062f \u06cc\u0645\u0643\u0646\u06be\u0645 \u0645\u0646 \u0627\u0644\u062a\u062d\u062f\u062b \u0625\u0644\u06cc\u0646\u0627 \u0641\u06cc\u0645\u0627 \u06cc\u062a\u0639\u0644\u0642 \u0628\u0631\u0639\u0627\u06cc\u0629 \u0627\u0644\u0623\u0633\u0646\u0627\u0646 \u0627\u0644\u062a\u064a \u0646\u0642\u062f\u0645\u06be\u0627.<\/p>\n<p><strong>Laotian<\/strong>: \u0e9e\u0ea7\u0e81\u0ec0\u0eae\u0ebb \u0eb2\u0e88\u0eb0\u0ec3\u0e8a\u0ec9\u0e82\u0eb1 \u0ec9\u0e99\u0e95\u0ead\u0e99\u0e97\u0eb5 \u0ec8 \u0ec0\u0edd\u0eb2\u0eb0\u0eaa\u0ebb\u0ea1 \u0ec0\u0e9e\u0eb7 \u0ec8 \u0ead\u0ec3\u0eab\u0ec9\u0ecd \u0e9a\u0eb4 \u0ea5\u0e81\u0eb2\u0e99\u0e8a\u0ec8 \u0ea7\u0e8d\u0ec0\u0eab\u0eb7\u0ebc \u0ead\u0e94\u0ec9 \u0eb2\u0e99\u0e9e\u0eb2\u0eaa\u0eb2\u0e9a\u0ecd \u0ec8 \u0ec0\u0eaa\u0e8d\u0e84\u0ec8 \u0eb2\u0ec1\u0e81\u0ec9\u0e84\u0ebb\u0e99\u0e9c\u0eb9\u0ec9\u0eb5 \u0ec8 \u0e97\u0ec0\u0ea7\u0ebb \u0ec9 \u0eb2\u0e9e\u0eb2\u0eaa\u0eb2\u0e97\u0eb5 \u0ec8 \u0e9e\u0ea7\u0e81\u0ec0\u0eae\u0ebb \u0eb2\u0ead\u0eb2\u0e94\u0e88\u0eb0\u0ec4\u0e94\u0ec9\u0eb4 \u0e8d\u0e99\u0ea2\u0eb9\u0ec8 \u0ec3\u0e99\u0e81\u0eb2\u0e99\u0e9d\u0eb6 \u0e81\u0e8a\u0ec9\u0ead\u0ea1\u0e82\u0ead\u0e87\u0e9e\u0ea7\u0e81\u0ec0 \u0ebb \u0eae\u0eb2 \u0ec1\u0ea5\u0eb0 \u0e9c\u0eb9\u0ec9\u0eb5 \u0ec8 \u0e97\u0ecd \u0ec8 \u0e9a\u0ec0\u0ea7\u0ebb \u0ec9 \u0eb2\u0e9e\u0eb2\u0eaa\u0eb2\u0ead\u0eb1\u0e87\u0e81\u0eb4 \u0e94\u0ec4\u0e94\u0ec9\u0eb5 \u0e94\u0e9e\u0ecd \u0ec0\u0e9e\u0eb7 \u0ec8 \u0ead\u0ea5\u0ebb\u0ea1\u0e81\u0eb1\u0e9a\u0e9e\u0ea7\u0e81\u0ec0\u0eae\u0ebb \u0eb2\u0e81\u0ec8 \u0ebd\u0ea7\u0e81\u0eb1\u0e9a\u0e81\u0eb2\u0e99\u0ec0\u0e9a\u0eb4 \u0ec8 \u0e87\u0ec1\u0e8d\u0e87\u0e94\u0eb9 \u0ec1\u0ea5\u0ec1\u0e82\u0ec9\u0ea7\u0e97\u0eb5 \u0ec8 \u0e9e\u0ea7\u0e81\u0ec0\u0eae\u0ebb \u0eb2\u0e81\u0ecd \u0eb2\u0ea5\u0eb1\u0e87\u0e88\u0eb1\u0e94\u0ec3\u0eab\u0ec9 .<\/p>\n<p><strong>Korean:<\/strong> \uc800\ud76c\ub294 \uc801\uc808\ud55c \uc870\uce58\ub97c \ud1b5\ud558\uc5ec \uc5b8\uc5b4 \uc9c0\uc6d0 \uc11c\ube44\uc2a4\ub97c \ubb34\ub8cc\ub85c \uc81c\uacf5\ud560 \uac83\uc785\ub2c8\ub2e4. \ub2e4\ub9cc, \uc2e4\uc81c\ub85c \uc800\ud76c\uc5d0\uac8c \uad00\uc2ec\uc774 \uc788\ub294 \uc5b8\uc5b4\ub97c \uc4f0\uc9c0\ub9cc \uc800\ud76c \uce58\uc544 \uad00\ub9ac \uc11c\ube44\uc2a4\uc5d0 \ub300\ud574 \uc758\uacac\uc744 \uc904 \uc218 \uc788\uc744 \ub9cc\ud07c \uc601\uc5b4\ub85c \uc758\uc0ac\uc18c\ud1b5\uc774 \uc6d0\ud65c\ud558\uc9c0 \uc54a\ub294 \uacbd\uc6b0\ub85c \ud55c\uc815\ud569\ub2c8\ub2e4<\/p>\n<p><strong>Hindi:<\/strong> \u0939\u092e \u0909\u0928 \u0935\u094d\u092f\u093f\u0915\u094d\u0924\u092f\ufffd \u0915\u094b, \u091c\u094b \ufffd\u0915 \u0910\u0938\u0940 \u092d\u093e\u0937\u093e\u090f\u0902\u092c\u094b\u0932\u0924\u0947\u0939\ufffd\u091c\u094b \u0939\u092e \u0905\u092a\u0928\u0947\u0905\u092d\u094d\u092f\u093e\u0938 \u092e\ufffd\u0938\u0902\u092d\u093e\ufffd\u0935\u0924 \u0930\u0942\u092a \u092e\ufffd\u0938\u0928\u0928\u093e \u0941 \u091a\u093e\u0939\u0924\u0947\u0939\ufffd\u0914\u0930 \u091c\u094b \u0939\u092e\u093e\u0930\u0947\u0926\u094d\u0935\u093e\u0930\u093e \u092a\u094d\u0930\u0926\u093e\u0928 \u0915\ufffd \u091c\u093e\u0928\u0947\u0935\u093e\u0932\ufffd \u0921\ufffd\u091f\u0932 \u0926\u0947\u0916\u092d\u093e\u0932 \u0915\u0947 \u092c\u093e\u0930\u0947\u092e\ufffd\u0939\u092e\u093e\u0930\u0947\u0938\u093e\u0925 \u0909\ufffd\u091a\u0924 \u0922\u0902\u0917 \u0938\u0947\u0905\u0902\u0917\u094d\u0930\u0947\u095b\u0940 \u0928\u0939\ufffd\u0902 \u092c\u094b\u0932\u0924\u0947, \u092e\u0941 \u095e\u094d\u0924 \u0938\u0947\u0935\u093e\u090f\u0902 \u092a\u094d\u0930\u0926\u093e\u0928 \u0915\u0930\u0928\u0947\u0915\u0947 \ufffd\u0932\u092f\u0947\u0909\ufffd\u091a\u0924 \u0915\u0926\u092e \u0909\u0920\u093e\u092f\ufffd\u0917\u0947\u0964<\/p>\n<p><strong>French:<\/strong> Nous prendrons les mesures raisonnables pour fournir des services d&#8217;assistance linguistique gratuits pour les individus qui parlent des langues que nous sommes susceptibles d&#8217;entendre durant nos s\u00e9ances et qui ne parlent pas suffisamment bien l&#8217;anglais pour discuter avec nous concernant les soins dentaires que nous fournissons.<\/p>\n<p><strong>Pennsylvanian Dutch:<\/strong> Mir zelle unser Beschtes browiere fer Hilf griege fer ennich ebber as Druwwel hett fer verschtehe was mer an schwetze is in Englisch weeich Zaahdokteres do. Die Hilf, as mer aabiede kennt, deet nix koschte.<\/p>\n<p><strong>Thai<\/strong>: \u0e40\u0e23\u0e32\u0e44\u0e14 \u0e49\u0e01 \u0e49\u0e32\u0e27\u0e44\u0e1b\u0e2d\u0e35\u0e01\u0e02\u0e31\u0e49\u0e19\u0e14 \u0e49\u0e27\u0e22\u0e01\u0e32\u0e23\u0e43\u0e2b \u0e49\u0e1a\u0e23\u0e34\u0e01\u0e32\u0e23\u0e1c\u0e39\u0e49\u0e0a\u0e27\u0e22\u0e14 \u0e49\u0e32\u0e19\u0e20\u0e32\u0e29\u0e32\u0e42\u0e14\u0e22\u0e44\u0e21\u0e48\u0e21\u0e35\u0e04\u0e48\u0e32\u0e1a\u0e23\u0e34\u0e01\u0e32\u0e23 \u0e48 \u0e43\u0e2b \u0e49\u0e01\u0e31\u0e1a\u0e1c\u0e39\u0e49\u0e17\u0e35\u0e48\u0e44\u0e21\u0e48\u0e2a\u0e32\u0e21\u0e32\u0e23\u0e16\u0e2a\u0e2d\u0e2a\u0e32\u0e23\u0e14 \u0e49\u0e27\u0e22\u0e20\u0e32\u0e29\u0e32\u0e2d\u0e31\u0e07\u0e01\u0e24\u0e29\u0e40\u0e01\u0e35\u0e48\u0e22\u0e27\u0e01\u0e31\u0e1a\u0e01\u0e32\u0e23\u0e14\u0e39\u0e41\u0e25\u0e17\u0e31\u0e19\u0e15\u0e01\u0e23\u0e23\u0e21\u0e17\u0e35\u0e48\u0e40\u0e23\u0e32\u0e43\u0e2b \u0e49\u0e1a\u0e23\u0e34\u0e01\u0e32\u0e23\u0e44\u0e14 \u0e49\u0e14\u0e35\u0e1e\u0e2d\u0e41\u0e25\u0e30\u0e43\u0e0a \u0e37\u0e48 \u0e20\u0e32\u0e29 \u0e49 \u0e32\u0e17\u0e35\u0e48\u0e40\u0e23\u0e32\u0e21\u0e31\u0e01\u0e08\u0e30\u0e44\u0e14 \u0e49\u0e22\u0e34\u0e19\u0e1a\u0e48\u0e2d\u0e22\u0e43\u0e19\u0e28\u0e39\u0e19\u0e22\u0e4c\u0e17\u0e31\u0e19\u0e15\u0e01\u0e23\u0e23\u0e21\u0e02\u0e2d\u0e07\u0e40\u0e23\u0e32<\/p>\n<p><strong>Tagalog<\/strong>: Gagawin namin ang mga makatwirang hakbang para maibigay namin ng walang bayad ang mga tulong na serbisyo sa wika para sa mga taong nagsasalita ng mga wikang karaniwan naming naririnig sa aming pagsasagawa at sa mga hindi bihasa sa pagsasalita ng Ingles na sasangguni sa amin tungkol sa pangangalaga ng ngipin na ibinibigay namin.<\/p>\n<p><strong>Russian<\/strong>: \u041c\u044b \u043f\u0440\u0438\u043d\u0438\u043c\u0430\u0435\u043c \u043d\u0435\u043e\u0431\u0445\u043e\u0434\u0438\u043c\u044b\u0435 \u043c\u0435\u0440\u044b, \u0447\u0442\u043e\u0431\u044b \u043f\u0440\u0435\u0434\u043e\u0441\u0442\u0430\u0432\u0438\u0442\u044c \u0431\u0435\u0441\u043f\u043b\u0430\u0442\u043d\u044b\u0435 \u0443\u0441\u043b\u0443\u0433\u0438 \u043f\u0435\u0440\u0435\u0432\u043e\u0434\u0447\u0438\u043a\u0430 \u0434\u043b\u044f \u043e\u0431\u0449\u0435\u043d\u0438\u044f \u043d\u0430 \u044f\u0437\u044b\u043a\u0430\u0445, \u0441 \u043a\u043e\u0442\u043e\u0440\u044b\u043c\u0438 \u043c\u044b \u0441\u0442\u0430\u043b\u043a\u0438\u0432\u0430\u0435\u043c\u0441\u044f \u0432 \u043d\u0430\u0448\u0435\u0439 \u043f\u0440\u0430\u043a\u0442\u0438\u043a\u0435 \u0441 \u043a\u043b\u0438\u0435\u043d\u0442\u0430\u043c\u0438, \u043a\u043e\u0442\u043e\u0440\u044b\u0435 \u043d\u0435 \u0432\u043b\u0430\u0434\u0435\u044e\u0442 \u0430\u043d\u0433\u043b\u0438\u0439\u0441\u043a\u0438\u043c \u044f\u0437\u044b \u043a\u043e\u043c \u0434\u043e\u0441\u0442\u0430\u0442\u043e\u0447\u043d\u043e, \u0447\u0442\u043e\u0431\u044b \u043e\u0431\u0441\u0443\u0434\u0438\u0442\u044c \u0441 \u043d\u0430\u043c\u0438 \u0441\u0442\u043e\u043c\u0430\u0442\u043e\u043b\u043e\u0433\u0438\u0447\u0435\u0441\u043a\u043e\u0435 \u043e\u0431\u0441\u043b\u0443\u0436\u0438\u0432\u0430\u043d\u0438\u0435, \u043a\u043e\u0442\u043e\u0440\u043e\u0435 \u043c\u044b \u043f\u0440\u0435\u0434\u043e\u0441\u0442\u0430\u0432\u043b\u044f\u0435\u043c.<\/p>\n","protected":false},"excerpt":{"rendered":"<p>CENTRAL PARK \u00a0DENTISTRY We will take reasonable steps to provide free-of-charge language assistance services to people who speak\u202flanguages we are likely to hear in our practice and who don\u2019t speak English well enough to talk to us about the dental care we are providing. Spanish: Tomaremos acciones razonables para proporcionar servicios de asistencia ling\u00fc\u00edstica gratuitos [&hellip;]<\/p>\n","protected":false},"author":1,"featured_media":0,"parent":74,"menu_order":0,"comment_status":"closed","ping_status":"closed","template":"","meta":{"_et_pb_use_builder":"","_et_pb_old_content":"","_et_gb_content_width":"","ngg_post_thumbnail":0,"footnotes":""},"class_list":["post-2015","page","type-page","status-publish","hentry"],"yoast_head":"<!-- This site is optimized with the Yoast SEO plugin v27.4 - https:\/\/yoast.com\/product\/yoast-seo-wordpress\/ -->\n<title>Language Assistance - Central Park Dentistry of Mason City, Iowa<\/title>\n<meta name=\"robots\" content=\"index, follow, max-snippet:-1, max-image-preview:large, max-video-preview:-1\" \/>\n<link rel=\"canonical\" href=\"https:\/\/centralparkdentistry.com\/site\/locations\/language-assistance\/\" \/>\n<meta property=\"og:locale\" content=\"en_US\" \/>\n<meta property=\"og:type\" content=\"article\" \/>\n<meta property=\"og:title\" content=\"Language Assistance - Central Park Dentistry of Mason City, Iowa\" \/>\n<meta property=\"og:description\" content=\"CENTRAL PARK \u00a0DENTISTRY We will take reasonable steps to provide free-of-charge language assistance services to people who speak\u202flanguages we are likely to hear in our practice and who don\u2019t speak English well enough to talk to us about the dental care we are providing. Spanish: Tomaremos acciones razonables para proporcionar servicios de asistencia ling\u00fc\u00edstica gratuitos [&hellip;]\" \/>\n<meta property=\"og:url\" content=\"https:\/\/centralparkdentistry.com\/site\/locations\/language-assistance\/\" \/>\n<meta property=\"og:site_name\" content=\"Central Park Dentistry of Mason City, Iowa\" \/>\n<meta property=\"article:publisher\" content=\"https:\/\/www.facebook.com\/CentralParkDentistry\" \/>\n<meta name=\"twitter:card\" content=\"summary_large_image\" \/>\n<meta name=\"twitter:site\" content=\"@cpdofmc\" \/>\n<meta name=\"twitter:label1\" content=\"Est. reading time\" \/>\n\t<meta name=\"twitter:data1\" content=\"2 minutes\" \/>\n<script type=\"application\/ld+json\" class=\"yoast-schema-graph\">{\"@context\":\"https:\\\/\\\/schema.org\",\"@graph\":[{\"@type\":\"WebPage\",\"@id\":\"https:\\\/\\\/centralparkdentistry.com\\\/site\\\/locations\\\/language-assistance\\\/\",\"url\":\"https:\\\/\\\/centralparkdentistry.com\\\/site\\\/locations\\\/language-assistance\\\/\",\"name\":\"Language Assistance - Central Park Dentistry of Mason City, Iowa\",\"isPartOf\":{\"@id\":\"https:\\\/\\\/centralparkdentistry.com\\\/site\\\/#website\"},\"datePublished\":\"2016-10-21T13:04:51+00:00\",\"breadcrumb\":{\"@id\":\"https:\\\/\\\/centralparkdentistry.com\\\/site\\\/locations\\\/language-assistance\\\/#breadcrumb\"},\"inLanguage\":\"en-US\",\"potentialAction\":[{\"@type\":\"ReadAction\",\"target\":[\"https:\\\/\\\/centralparkdentistry.com\\\/site\\\/locations\\\/language-assistance\\\/\"]}]},{\"@type\":\"BreadcrumbList\",\"@id\":\"https:\\\/\\\/centralparkdentistry.com\\\/site\\\/locations\\\/language-assistance\\\/#breadcrumb\",\"itemListElement\":[{\"@type\":\"ListItem\",\"position\":1,\"name\":\"Home\",\"item\":\"https:\\\/\\\/centralparkdentistry.com\\\/site\\\/\"},{\"@type\":\"ListItem\",\"position\":2,\"name\":\"Locations\",\"item\":\"https:\\\/\\\/centralparkdentistry.com\\\/site\\\/locations\\\/\"},{\"@type\":\"ListItem\",\"position\":3,\"name\":\"Language Assistance\"}]},{\"@type\":\"WebSite\",\"@id\":\"https:\\\/\\\/centralparkdentistry.com\\\/site\\\/#website\",\"url\":\"https:\\\/\\\/centralparkdentistry.com\\\/site\\\/\",\"name\":\"Central Park Dentistry of Mason City, Iowa\",\"description\":\"\",\"publisher\":{\"@id\":\"https:\\\/\\\/centralparkdentistry.com\\\/site\\\/#organization\"},\"potentialAction\":[{\"@type\":\"SearchAction\",\"target\":{\"@type\":\"EntryPoint\",\"urlTemplate\":\"https:\\\/\\\/centralparkdentistry.com\\\/site\\\/?s={search_term_string}\"},\"query-input\":{\"@type\":\"PropertyValueSpecification\",\"valueRequired\":true,\"valueName\":\"search_term_string\"}}],\"inLanguage\":\"en-US\"},{\"@type\":\"Organization\",\"@id\":\"https:\\\/\\\/centralparkdentistry.com\\\/site\\\/#organization\",\"name\":\"Central Park Dentistry\",\"url\":\"https:\\\/\\\/centralparkdentistry.com\\\/site\\\/\",\"logo\":{\"@type\":\"ImageObject\",\"inLanguage\":\"en-US\",\"@id\":\"https:\\\/\\\/centralparkdentistry.com\\\/site\\\/#\\\/schema\\\/logo\\\/image\\\/\",\"url\":\"https:\\\/\\\/i0.wp.com\\\/centralparkdentistry.com\\\/site\\\/wp-content\\\/uploads\\\/2020\\\/05\\\/CPD-logo-ping.png?fit=789%2C173&ssl=1\",\"contentUrl\":\"https:\\\/\\\/i0.wp.com\\\/centralparkdentistry.com\\\/site\\\/wp-content\\\/uploads\\\/2020\\\/05\\\/CPD-logo-ping.png?fit=789%2C173&ssl=1\",\"width\":789,\"height\":173,\"caption\":\"Central Park Dentistry\"},\"image\":{\"@id\":\"https:\\\/\\\/centralparkdentistry.com\\\/site\\\/#\\\/schema\\\/logo\\\/image\\\/\"},\"sameAs\":[\"https:\\\/\\\/www.facebook.com\\\/CentralParkDentistry\",\"https:\\\/\\\/x.com\\\/cpdofmc\",\"https:\\\/\\\/www.instagram.com\\\/cpdofmasoncity\\\/?fbclid=IwAR19kNsgVNGcpbe0R-3UxBADtcl9WQxZrH7Q1kNPJx-n517Zrez7XP0CnKU\"]}]}<\/script>\n<!-- \/ Yoast SEO plugin. -->","yoast_head_json":{"title":"Language Assistance - Central Park Dentistry of Mason City, Iowa","robots":{"index":"index","follow":"follow","max-snippet":"max-snippet:-1","max-image-preview":"max-image-preview:large","max-video-preview":"max-video-preview:-1"},"canonical":"https:\/\/centralparkdentistry.com\/site\/locations\/language-assistance\/","og_locale":"en_US","og_type":"article","og_title":"Language Assistance - Central Park Dentistry of Mason City, Iowa","og_description":"CENTRAL PARK \u00a0DENTISTRY We will take reasonable steps to provide free-of-charge language assistance services to people who speak\u202flanguages we are likely to hear in our practice and who don\u2019t speak English well enough to talk to us about the dental care we are providing. Spanish: Tomaremos acciones razonables para proporcionar servicios de asistencia ling\u00fc\u00edstica gratuitos [&hellip;]","og_url":"https:\/\/centralparkdentistry.com\/site\/locations\/language-assistance\/","og_site_name":"Central Park Dentistry of Mason City, Iowa","article_publisher":"https:\/\/www.facebook.com\/CentralParkDentistry","twitter_card":"summary_large_image","twitter_site":"@cpdofmc","twitter_misc":{"Est. reading time":"2 minutes"},"schema":{"@context":"https:\/\/schema.org","@graph":[{"@type":"WebPage","@id":"https:\/\/centralparkdentistry.com\/site\/locations\/language-assistance\/","url":"https:\/\/centralparkdentistry.com\/site\/locations\/language-assistance\/","name":"Language Assistance - Central Park Dentistry of Mason City, Iowa","isPartOf":{"@id":"https:\/\/centralparkdentistry.com\/site\/#website"},"datePublished":"2016-10-21T13:04:51+00:00","breadcrumb":{"@id":"https:\/\/centralparkdentistry.com\/site\/locations\/language-assistance\/#breadcrumb"},"inLanguage":"en-US","potentialAction":[{"@type":"ReadAction","target":["https:\/\/centralparkdentistry.com\/site\/locations\/language-assistance\/"]}]},{"@type":"BreadcrumbList","@id":"https:\/\/centralparkdentistry.com\/site\/locations\/language-assistance\/#breadcrumb","itemListElement":[{"@type":"ListItem","position":1,"name":"Home","item":"https:\/\/centralparkdentistry.com\/site\/"},{"@type":"ListItem","position":2,"name":"Locations","item":"https:\/\/centralparkdentistry.com\/site\/locations\/"},{"@type":"ListItem","position":3,"name":"Language Assistance"}]},{"@type":"WebSite","@id":"https:\/\/centralparkdentistry.com\/site\/#website","url":"https:\/\/centralparkdentistry.com\/site\/","name":"Central Park Dentistry of Mason City, Iowa","description":"","publisher":{"@id":"https:\/\/centralparkdentistry.com\/site\/#organization"},"potentialAction":[{"@type":"SearchAction","target":{"@type":"EntryPoint","urlTemplate":"https:\/\/centralparkdentistry.com\/site\/?s={search_term_string}"},"query-input":{"@type":"PropertyValueSpecification","valueRequired":true,"valueName":"search_term_string"}}],"inLanguage":"en-US"},{"@type":"Organization","@id":"https:\/\/centralparkdentistry.com\/site\/#organization","name":"Central Park Dentistry","url":"https:\/\/centralparkdentistry.com\/site\/","logo":{"@type":"ImageObject","inLanguage":"en-US","@id":"https:\/\/centralparkdentistry.com\/site\/#\/schema\/logo\/image\/","url":"https:\/\/i0.wp.com\/centralparkdentistry.com\/site\/wp-content\/uploads\/2020\/05\/CPD-logo-ping.png?fit=789%2C173&ssl=1","contentUrl":"https:\/\/i0.wp.com\/centralparkdentistry.com\/site\/wp-content\/uploads\/2020\/05\/CPD-logo-ping.png?fit=789%2C173&ssl=1","width":789,"height":173,"caption":"Central Park Dentistry"},"image":{"@id":"https:\/\/centralparkdentistry.com\/site\/#\/schema\/logo\/image\/"},"sameAs":["https:\/\/www.facebook.com\/CentralParkDentistry","https:\/\/x.com\/cpdofmc","https:\/\/www.instagram.com\/cpdofmasoncity\/?fbclid=IwAR19kNsgVNGcpbe0R-3UxBADtcl9WQxZrH7Q1kNPJx-n517Zrez7XP0CnKU"]}]}},"jetpack_sharing_enabled":true,"_links":{"self":[{"href":"https:\/\/centralparkdentistry.com\/site\/wp-json\/wp\/v2\/pages\/2015","targetHints":{"allow":["GET"]}}],"collection":[{"href":"https:\/\/centralparkdentistry.com\/site\/wp-json\/wp\/v2\/pages"}],"about":[{"href":"https:\/\/centralparkdentistry.com\/site\/wp-json\/wp\/v2\/types\/page"}],"author":[{"embeddable":true,"href":"https:\/\/centralparkdentistry.com\/site\/wp-json\/wp\/v2\/users\/1"}],"replies":[{"embeddable":true,"href":"https:\/\/centralparkdentistry.com\/site\/wp-json\/wp\/v2\/comments?post=2015"}],"version-history":[{"count":0,"href":"https:\/\/centralparkdentistry.com\/site\/wp-json\/wp\/v2\/pages\/2015\/revisions"}],"up":[{"embeddable":true,"href":"https:\/\/centralparkdentistry.com\/site\/wp-json\/wp\/v2\/pages\/74"}],"wp:attachment":[{"href":"https:\/\/centralparkdentistry.com\/site\/wp-json\/wp\/v2\/media?parent=2015"}],"curies":[{"name":"wp","href":"https:\/\/api.w.org\/{rel}","templated":true}]}}